{"id":8606,"date":"2025-08-25T11:58:22","date_gmt":"2025-08-25T11:58:22","guid":{"rendered":"https:\/\/orbisrealestate.ma\/?page_id=8606"},"modified":"2025-12-11T11:33:31","modified_gmt":"2025-12-11T11:33:31","slug":"faites-vous-rappeler","status":"publish","type":"page","link":"https:\/\/orbisrealestate.ma\/ar\/faites-vous-rappeler\/","title":{"rendered":"\u0637\u0644\u0628 \u0627\u0644\u0645\u0632\u064a\u062f \u0645\u0646 \u0627\u0644\u0645\u0639\u0644\u0648\u0645\u0627\u062a"},"content":{"rendered":"<div data-elementor-type=\"wp-page\" data-elementor-id=\"8606\" class=\"elementor elementor-8606\">\n\t\t\t\t<div class=\"elementor-element elementor-element-dd4cc01 e-con-full e-flex e-con e-parent\" data-id=\"dd4cc01\" data-element_type=\"container\" data-e-type=\"container\" data-settings=\"{&quot;background_background&quot;:&quot;classic&quot;}\">\n\t\t<div class=\"elementor-element elementor-element-49de9ae e-flex e-con-boxed e-con e-child\" data-id=\"49de9ae\" data-element_type=\"container\" data-e-type=\"container\">\n\t\t\t\t\t<div class=\"e-con-inner\">\n\t\t\t\t<div class=\"elementor-element elementor-element-03bf66d elementor-widget elementor-widget-page-title\" data-id=\"03bf66d\" data-element_type=\"widget\" data-e-type=\"widget\" data-widget_type=\"page-title.default\">\n\t\t\t\t<div class=\"elementor-widget-container\">\n\t\t\t\t\t\t\t\n\t\t<div class=\"hfe-page-title hfe-page-title-wrapper elementor-widget-heading\">\n\n\t\t\t\t\t\t\t\t<h2 class=\"elementor-heading-title elementor-size-default\">\n\t\t\t\t\t\t\t\t\n\t\t\t\t\u0637\u0644\u0628 \u0627\u0644\u0645\u0632\u064a\u062f \u0645\u0646 \u0627\u0644\u0645\u0639\u0644\u0648\u0645\u0627\u062a  \n\t\t\t<\/h2> \n\t\t\t\t\t<\/div>\n\t\t\t\t\t\t<\/div>\n\t\t\t\t<\/div>\n\t\t<div class=\"elementor-element elementor-element-f99e958 e-con-full e-flex e-con e-child\" data-id=\"f99e958\" data-element_type=\"container\" data-e-type=\"container\">\n\t\t\t\t<div class=\"elementor-element elementor-element-d07b84b elementor-widget elementor-widget-hfe-breadcrumbs-widget\" data-id=\"d07b84b\" data-element_type=\"widget\" data-e-type=\"widget\" data-widget_type=\"hfe-breadcrumbs-widget.default\">\n\t\t\t\t<div class=\"elementor-widget-container\">\n\t\t\t\t\t<nav aria-label=\"Breadcrumb\"><ul class=\"hfe-breadcrumbs hfe-breadcrumbs-show-home\"><li class=\"hfe-breadcrumbs-item hfe-breadcrumbs-first\"><span class=\"hfe-breadcrumbs-home-icon\"><\/span><a href=\"https:\/\/orbisrealestate.ma\/ar\"><span class=\"hfe-breadcrumbs-text\">\u0627\u0644\u0631\u0626\u064a\u0633\u064a\u0629<\/span><\/a><\/li><\/ul><\/nav>\t\t\t\t<\/div>\n\t\t\t\t<\/div>\n\t\t\t\t<\/div>\n\t\t\t\t\t<\/div>\n\t\t\t\t<\/div>\n\t\t\t\t<div class=\"elementor-element elementor-element-6e1c396 elementor-widget elementor-widget-spacer\" data-id=\"6e1c396\" data-element_type=\"widget\" data-e-type=\"widget\" data-widget_type=\"spacer.default\">\n\t\t\t\t\t\t\t<div class=\"elementor-spacer\">\n\t\t\t<div class=\"elementor-spacer-inner\"><\/div>\n\t\t<\/div>\n\t\t\t\t\t\t<\/div>\n\t\t\t\t<\/div>\n\t\t<div class=\"elementor-element elementor-element-e645870 e-flex e-con-boxed e-con e-parent\" data-id=\"e645870\" data-element_type=\"container\" data-e-type=\"container\">\n\t\t\t\t\t<div class=\"e-con-inner\">\n\t\t<div class=\"elementor-element elementor-element-b6aa9a7 e-con-full e-flex e-con e-child\" data-id=\"b6aa9a7\" data-element_type=\"container\" data-e-type=\"container\">\n\t\t<div class=\"elementor-element elementor-element-b969834 e-con-full e-flex e-con e-child\" data-id=\"b969834\" data-element_type=\"container\" data-e-type=\"container\">\n\t\t\t\t<div class=\"elementor-element elementor-element-efdd0df elementor-widget elementor-widget-heading\" data-id=\"efdd0df\" data-element_type=\"widget\" data-e-type=\"widget\" data-widget_type=\"heading.default\">\n\t\t\t\t\t<h3 class=\"elementor-heading-title elementor-size-default\">\u0637\u0644\u0628 \u0627\u0644\u0645\u0632\u064a\u062f \u0645\u0646 \u0627\u0644\u0645\u0639\u0644\u0648\u0645\u0627\u062a <\/h3>\t\t\t\t<\/div>\n\t\t\t\t<div class=\"elementor-element elementor-element-0efaff6 elementor-widget elementor-widget-text-editor\" data-id=\"0efaff6\" data-element_type=\"widget\" data-e-type=\"widget\" data-widget_type=\"text-editor.default\">\n\t\t\t\t\t\t\t\t\t<p style=\"font-weight: 400;\">\u0647\u0644 \u0644\u062f\u064a\u0643 \u0623\u064a \u0623\u0633\u0626\u0644\u0629 \u0623\u0648 \u062a\u0631\u063a\u0628 \u0641\u064a \u0645\u0632\u064a\u062f \u0645\u0646 \u0627\u0644\u0645\u0639\u0644\u0648\u0645\u0627\u062a\u061f \u0641\u0631\u064a\u0642 \u0627\u0644\u0645\u0628\u064a\u0639\u0627\u062a \u0644\u062f\u064a\u0646\u0627 \u0641\u064a \u062e\u062f\u0645\u062a\u0643.<\/p><p>\u00a0<\/p><p style=\"font-weight: 400;\">\u0642\u0645 \u0628\u0625\u0643\u0645\u0627\u0644 \u0627\u0644\u0646\u0645\u0648\u0630\u062c \u0623\u062f\u0646\u0627\u0647 \u0648\u0633\u0648\u0641 \u064a\u062a\u0648\u0627\u0635\u0644 \u0645\u0639\u0643 \u0623\u062d\u062f \u0627\u0644\u0645\u0633\u062a\u0634\u0627\u0631\u064a\u0646 \u0641\u064a \u0623\u0642\u0631\u0628 \u0648\u0642\u062a \u0645\u0645\u0643\u0646:<\/p>\t\t\t\t\t\t\t\t<\/div>\n\t\t\t\t<div class=\"elementor-element elementor-element-8a5bc95 elementor-widget elementor-widget-spaciaz-contactform\" data-id=\"8a5bc95\" data-element_type=\"widget\" data-e-type=\"widget\" data-widget_type=\"spaciaz-contactform.default\">\n\t\t\t\t<div class=\"elementor-widget-container\">\n\t\t\t\t\t\n<div class=\"wpcf7 no-js\" id=\"wpcf7-f892-o1\" lang=\"en-US\" dir=\"ltr\" data-wpcf7-id=\"892\">\n<div class=\"screen-reader-response\"><p role=\"status\" aria-live=\"polite\" aria-atomic=\"true\"><\/p> <ul><\/ul><\/div>\n<form action=\"\/ar\/wp-json\/wp\/v2\/pages\/8606#wpcf7-f892-o1\" method=\"post\" class=\"wpcf7-form init\" aria-label=\"Contact form\" novalidate=\"novalidate\" data-status=\"init\" data-trp-original-action=\"\/ar\/wp-json\/wp\/v2\/pages\/8606#wpcf7-f892-o1\">\n<fieldset class=\"hidden-fields-container\"><input type=\"hidden\" name=\"_wpcf7\" value=\"892\" \/><input type=\"hidden\" name=\"_wpcf7_version\" value=\"6.1.4\" \/><input type=\"hidden\" name=\"_wpcf7_locale\" value=\"en_US\" \/><input type=\"hidden\" name=\"_wpcf7_unit_tag\" value=\"wpcf7-f892-o1\" \/><input type=\"hidden\" name=\"_wpcf7_container_post\" value=\"0\" \/><input type=\"hidden\" name=\"_wpcf7_posted_data_hash\" value=\"\" \/><input type=\"hidden\" name=\"_wpcf7_recaptcha_response\" value=\"\" \/>\n<\/fieldset>\n<div class=\"row\">\n\t<div class=\"column-50\">\n\t\t<p><span class=\"wpcf7-form-control-wrap\" data-name=\"your-name\"><input size=\"40\" maxlength=\"400\" class=\"wpcf7-form-control wpcf7-text wpcf7-validates-as-required\" aria-required=\"true\" aria-invalid=\"false\" placeholder=\"\u0627\u0644\u0627\u0633\u0645 \u0648\u0627\u0644\u0644\u0642\u0628*\" value=\"\" type=\"text\" name=\"your-name\" \/><\/span>\n\t\t<\/p>\n\t<\/div>\n\t<div class=\"column-50\">\n\t\t<p><span class=\"wpcf7-form-control-wrap\" data-name=\"ville-residence\"><input size=\"40\" maxlength=\"400\" class=\"wpcf7-form-control wpcf7-text\" aria-invalid=\"false\" placeholder=\"\u0645\u062f\u064a\u0646\u0629 \u0627\u0644\u0625\u0642\u0627\u0645\u0629\" value=\"\" type=\"text\" name=\"ville-residence\" \/><\/span>\n\t\t<\/p>\n\t<\/div>\n\t<div class=\"column-50\">\n\t\t<p><span class=\"wpcf7-form-control-wrap\" data-name=\"your-email\"><input size=\"40\" maxlength=\"400\" class=\"wpcf7-form-control wpcf7-email wpcf7-validates-as-required wpcf7-text wpcf7-validates-as-email\" aria-required=\"true\" aria-invalid=\"false\" placeholder=\"\u0627\u0644\u0628\u0631\u064a\u062f \u0627\u0644\u0625\u0644\u0643\u062a\u0631\u0648\u0646\u064a*\" value=\"\" type=\"email\" name=\"your-email\" \/><\/span>\n\t\t<\/p>\n\t<\/div>\n\t<div class=\"column-50\">\n\t\t<p><span class=\"wpcf7-form-control-wrap\" data-name=\"your-tel\"><input size=\"40\" maxlength=\"400\" class=\"wpcf7-form-control wpcf7-tel wpcf7-validates-as-required wpcf7-text wpcf7-validates-as-tel\" autocomplete=\"tel\" aria-required=\"true\" aria-invalid=\"false\" placeholder=\"\u0627\u0644\u0647\u0627\u062a\u0641*\" value=\"\" type=\"tel\" name=\"your-tel\" \/><\/span>\n\t\t<\/p>\n\t<\/div>\n\t<div class=\"column-100\">\n\t\t<p><span class=\"wpcf7-form-control-wrap\" data-name=\"your-interest\"><select class=\"wpcf7-form-control wpcf7-select wpcf7-validates-as-required\" aria-required=\"true\" aria-invalid=\"false\" name=\"your-interest\"><option value=\"\u00cates-vous int\u00e9ress\u00e9 par :\">\u0647\u0644 \u0623\u0646\u062a \u0645\u0647\u062a\u0645 \u0628\u0640<\/option><option value=\"Lotissement Al Massira Toulal\">\u062a\u062c\u0632\u0626\u0629 \u0627\u0644\u0645\u0633\u064a\u0631\u0629 \u062a\u0648\u0644\u0627\u0644<\/option><option value=\"Lotissement Jawharat Toulal\">\u0625\u0642\u0627\u0645\u0629 \u062c\u0648\u0647\u0631\u0629 \u062a\u0648\u0644\u0627\u0644<\/option><option value=\"Harhoura Hills\">\u0647\u0631\u0647\u0648\u0631\u0629 \u0647\u064a\u0644\u0632<\/option><option value=\"Jnane Bridia\">\u062c\u0646\u0627\u0646 \u0627\u0644\u0628\u0631\u064a\u062f\u064a\u0629<\/option><option value=\"Le Z 68 Zenata\">Z68 \u0632\u0646\u0627\u062a\u0629<\/option><option value=\"Lotissement Nassim Bouznika\">\u062a\u062c\u0632\u0626\u0629 \u0646\u0633\u064a\u0645 \u0628\u0648\u0632\u0646\u064a\u0642\u0629<\/option><option value=\"Lotissement Rimal &amp; La Colline\">\u062a\u062c\u0632\u0626\u0629 \u0631\u0645\u0627\u0644 \u0644\u0627 \u0643\u0648\u0644\u064a\u0646<\/option><\/select><\/span>\n\t\t<\/p>\n\t<\/div>\n\t<div class=\"column-100\">\n\t\t<p><span class=\"wpcf7-form-control-wrap\" data-name=\"your-message\"><textarea cols=\"40\" rows=\"10\" maxlength=\"2000\" class=\"wpcf7-form-control wpcf7-textarea\" aria-invalid=\"false\" placeholder=\"\u0631\u0633\u0627\u0644\u0629\" name=\"your-message\"><\/textarea><\/span>\n\t\t<\/p>\n\t<\/div>\n\t<div class=\"column-100\">\n\t\t<p><span class=\"wpcf7-form-control-wrap\" data-name=\"acceptance\"><span class=\"wpcf7-form-control wpcf7-acceptance\"><span class=\"wpcf7-list-item\"><label><input type=\"checkbox\" name=\"acceptance\" value=\"1\" aria-invalid=\"false\" \/><span class=\"wpcf7-list-item-label\">\u0644\u0642\u062f \u0642\u0631\u0623\u062a\u064f \u0648\u0623\u0648\u0627\u0641\u0642\u064f \u0639\u0644\u0649 <a href=\"https:\/\/orbisrealestate.ma\/ar\/conditions-generales-dutilisation\/\">\u0634\u0631\u0648\u0637 \u0648\u0623\u062d\u0643\u0627\u0645 \u0627\u0644\u0627\u0633\u062a\u062e\u062f\u0627\u0645<\/a>\u0628\u0645\u0627 \u0641\u064a \u0630\u0644\u0643 \u0628\u064a\u0627\u0646 \u0627\u0633\u062a\u062e\u062f\u0627\u0645 \u0627\u0644\u0628\u064a\u0627\u0646\u0627\u062a \u0627\u0644\u0634\u062e\u0635\u064a\u0629. \u0648\u0642\u062f \u0623\u064f\u0628\u0644\u063a\u062a\u064f \u0628\u0647\u0630\u0647 \u0627\u0644\u0645\u0639\u0627\u0644\u062c\u0629 \u0625\u0644\u0649 \u0627\u0644\u0644\u062c\u0646\u0629 \u0627\u0644\u0648\u0637\u0646\u064a\u0629 \u0644\u0645\u0631\u0627\u0642\u0628\u0629 \u062d\u0645\u0627\u064a\u0629 \u0627\u0644\u0628\u064a\u0627\u0646\u0627\u062a (CNDP) \u0628\u0645\u0648\u062c\u0628 \u0631\u0642\u0645 .<\/span><\/label><\/span><\/span><\/span>\n\t\t<\/p>\n\t<\/div>\n\t<div class=\"column-100 wpcf7-button elementor-button-outline\">\n\t\t<div class=\"submit-btn enable-style-icon-yes\">\n\t\t\t<p><button type=\"Submit\" value=\"Submit\" class=\"elementor-button\"><span class=\"elementor-button-content-wrapper\"><span class=\"elementor-button-text\"> \u0625\u0631\u0633\u0627\u0644 <\/span><span class=\"elementor-button-icon\"><span class=\"btn-icon-wrap\"><span class=\"btn-icon\"><i class=\"spaciaz-icon- spaciaz-icon-arrow-long-right\"><\/i><\/span><span class=\"btn-icon-hover\"><i class=\"spaciaz-icon- spaciaz-icon-arrow-long-right\"><\/i><\/span><\/span><\/span><\/span><\/button>\n\t\t\t<\/p>\n\t\t<\/div>\n\t<\/div>\n<\/div><p style=\"display: none !important;\" class=\"akismet-fields-container\" data-prefix=\"_wpcf7_ak_\"><label>&#916;<textarea name=\"_wpcf7_ak_hp_textarea\" cols=\"45\" rows=\"8\" maxlength=\"100\"><\/textarea><\/label><input type=\"hidden\" id=\"ak_js_1\" name=\"_wpcf7_ak_js\" value=\"88\"\/><script>document.getElementById( \"ak_js_1\" ).setAttribute( \"value\", ( new Date() ).getTime() );<\/script><\/p><div class=\"wpcf7-response-output\" aria-hidden=\"true\"><\/div>\n<input type=\"hidden\" name=\"trp-form-language\" value=\"ar\"\/><\/form>\n<\/div>\n\t\t\t\t<\/div>\n\t\t\t\t<\/div>\n\t\t\t\t<\/div>\n\t\t\t\t<\/div>\n\t\t\t\t\t<\/div>\n\t\t\t\t<\/div>\n\t\t\t\t<\/div>","protected":false},"excerpt":{"rendered":"<p>Faites-vous rappeler Accueil Faites-vous rappeler Vous avez des questions ou souhaitez-vous avoir plus d\u2019informations\u00a0? Notre \u00e9quipe commerciale est \u00e0 votre disposition. \u00a0 Compl\u00e9tez le formulaire ci-dessous et un conseiller vous contactera dans les plus brefs d\u00e9lais\u00a0: \u00cates-vous int\u00e9ress\u00e9 par :Lotissement Al Massira ToulalLotissement Jawharat ToulalHarhoura HillsJnane BridiaLe Z 68 ZenataLotissement Nassim BouznikaLotissement Rimal &amp; La [&hellip;]<\/p>","protected":false},"author":1,"featured_media":0,"parent":0,"menu_order":0,"comment_status":"closed","ping_status":"closed","template":"template-homepage.php","meta":{"footnotes":""},"class_list":["post-8606","page","type-page","status-publish","hentry"],"_links":{"self":[{"href":"https:\/\/orbisrealestate.ma\/ar\/wp-json\/wp\/v2\/pages\/8606","targetHints":{"allow":["GET"]}}],"collection":[{"href":"https:\/\/orbisrealestate.ma\/ar\/wp-json\/wp\/v2\/pages"}],"about":[{"href":"https:\/\/orbisrealestate.ma\/ar\/wp-json\/wp\/v2\/types\/page"}],"author":[{"embeddable":true,"href":"https:\/\/orbisrealestate.ma\/ar\/wp-json\/wp\/v2\/users\/1"}],"replies":[{"embeddable":true,"href":"https:\/\/orbisrealestate.ma\/ar\/wp-json\/wp\/v2\/comments?post=8606"}],"version-history":[{"count":20,"href":"https:\/\/orbisrealestate.ma\/ar\/wp-json\/wp\/v2\/pages\/8606\/revisions"}],"predecessor-version":[{"id":9864,"href":"https:\/\/orbisrealestate.ma\/ar\/wp-json\/wp\/v2\/pages\/8606\/revisions\/9864"}],"wp:attachment":[{"href":"https:\/\/orbisrealestate.ma\/ar\/wp-json\/wp\/v2\/media?parent=8606"}],"curies":[{"name":"wp","href":"https:\/\/api.w.org\/{rel}","templated":true}]}}