{"id":8805,"date":"2025-08-25T17:09:09","date_gmt":"2025-08-25T17:09:09","guid":{"rendered":"https:\/\/orbisrealestate.ma\/?page_id=8805"},"modified":"2025-12-04T08:59:03","modified_gmt":"2025-12-04T08:59:03","slug":"actualites","status":"publish","type":"page","link":"https:\/\/orbisrealestate.ma\/ar\/actualites\/","title":{"rendered":"\u0635\u062d\u0627\u0641\u0629"},"content":{"rendered":"<div data-elementor-type=\"wp-page\" data-elementor-id=\"8805\" class=\"elementor elementor-8805\">\n\t\t\t\t<div class=\"elementor-element elementor-element-8cf7674 e-con-full e-flex e-con e-parent\" data-id=\"8cf7674\" data-element_type=\"container\" data-e-type=\"container\" data-settings=\"{&quot;background_background&quot;:&quot;classic&quot;}\">\n\t\t<div class=\"elementor-element elementor-element-307655e e-flex e-con-boxed e-con e-child\" data-id=\"307655e\" data-element_type=\"container\" data-e-type=\"container\">\n\t\t\t\t\t<div class=\"e-con-inner\">\n\t\t\t\t<div class=\"elementor-element elementor-element-8df3906 elementor-widget elementor-widget-page-title\" data-id=\"8df3906\" data-element_type=\"widget\" data-e-type=\"widget\" data-widget_type=\"page-title.default\">\n\t\t\t\t<div class=\"elementor-widget-container\">\n\t\t\t\t\t\t\t\n\t\t<div class=\"hfe-page-title hfe-page-title-wrapper elementor-widget-heading\">\n\n\t\t\t\t\t\t\t\t<h2 class=\"elementor-heading-title elementor-size-default\">\n\t\t\t\t\t\t\t\t\n\t\t\t\t\u0635\u062d\u0627\u0641\u0629  \n\t\t\t<\/h2> \n\t\t\t\t\t<\/div>\n\t\t\t\t\t\t<\/div>\n\t\t\t\t<\/div>\n\t\t<div class=\"elementor-element elementor-element-ed4ffca e-con-full e-flex e-con e-child\" data-id=\"ed4ffca\" data-element_type=\"container\" data-e-type=\"container\">\n\t\t\t\t<div class=\"elementor-element elementor-element-9bcfd1f elementor-widget elementor-widget-hfe-breadcrumbs-widget\" data-id=\"9bcfd1f\" data-element_type=\"widget\" data-e-type=\"widget\" data-widget_type=\"hfe-breadcrumbs-widget.default\">\n\t\t\t\t<div class=\"elementor-widget-container\">\n\t\t\t\t\t<nav aria-label=\"Breadcrumb\"><ul class=\"hfe-breadcrumbs hfe-breadcrumbs-show-home\"><li class=\"hfe-breadcrumbs-item hfe-breadcrumbs-first\"><span class=\"hfe-breadcrumbs-home-icon\"><\/span><a href=\"https:\/\/orbisrealestate.ma\/ar\"><span class=\"hfe-breadcrumbs-text\">\u0627\u0644\u0631\u0626\u064a\u0633\u064a\u0629<\/span><\/a><\/li><\/ul><\/nav>\t\t\t\t<\/div>\n\t\t\t\t<\/div>\n\t\t\t\t<\/div>\n\t\t\t\t\t<\/div>\n\t\t\t\t<\/div>\n\t\t\t\t<div class=\"elementor-element elementor-element-57f13d8 elementor-widget elementor-widget-spacer\" data-id=\"57f13d8\" data-element_type=\"widget\" data-e-type=\"widget\" data-widget_type=\"spacer.default\">\n\t\t\t\t\t\t\t<div class=\"elementor-spacer\">\n\t\t\t<div class=\"elementor-spacer-inner\"><\/div>\n\t\t<\/div>\n\t\t\t\t\t\t<\/div>\n\t\t\t\t<\/div>\n\t\t<div class=\"elementor-element elementor-element-079f4c5 e-flex e-con-boxed e-con e-parent\" data-id=\"079f4c5\" data-element_type=\"container\" data-e-type=\"container\">\n\t\t\t\t\t<div class=\"e-con-inner\">\n\t\t\t\t<div class=\"elementor-element elementor-element-b084535 animated-fast elementor-widget__width-initial elementor-invisible elementor-widget elementor-widget-heading\" data-id=\"b084535\" data-element_type=\"widget\" data-e-type=\"widget\" data-settings=\"{&quot;_animation&quot;:&quot;opal-move-left&quot;}\" data-widget_type=\"heading.default\">\n\t\t\t\t\t<h6 class=\"elementor-heading-title elementor-size-default\">\u062a\u062b\u064a\u0631 \u0645\u0634\u0627\u0631\u064a\u0639\u0646\u0627 \u0627\u0644\u0639\u0642\u0627\u0631\u064a\u0629 \u0627\u0647\u062a\u0645\u0627\u0645 \u0627\u0644\u0635\u062d\u0627\u0641\u0629 \u0627\u0644\u0648\u0637\u0646\u064a\u0629.\n\u0645\u0646 \u062e\u0644\u0627\u0644 \u0645\u0642\u0627\u0644\u0627\u062a \u0648\u062a\u0642\u0627\u0631\u064a\u0631 \u0645\u062e\u062a\u0644\u0641\u0629\u060c \u062a\u0628\u0631\u0632 \u0627\u0644\u0635\u062d\u0627\u0641\u0629 \u0627\u0644\u062c\u0648\u062f\u0629 \u0648\u0627\u0644\u0634\u0641\u0627\u0641\u064a\u0629 \u0648\u0627\u0644\u0627\u0644\u062a\u0632\u0627\u0645 \u0627\u0644\u062a\u064a \u062a\u0645\u064a\u0632 \u0625\u0646\u062c\u0627\u0632\u0627\u062a\u0646\u0627.\n\u062a\u0634\u0647\u062f \u0647\u0630\u0647 \u0627\u0644\u0645\u0646\u0634\u0648\u0631\u0627\u062a \u0639\u0644\u0649 \u062a\u0642\u062f\u064a\u0631 \u062e\u0628\u0631\u062a\u0646\u0627 \u0648\u0645\u0633\u0627\u0647\u0645\u062a\u0646\u0627 \u0641\u064a \u062a\u0637\u0648\u064a\u0631 \u0627\u0644\u0645\u0634\u0647\u062f \u0627\u0644\u062d\u0636\u0631\u064a \u0627\u0644\u0645\u063a\u0631\u0628\u064a.<\/h6>\t\t\t\t<\/div>\n\t\t\t\t<div class=\"elementor-element elementor-element-2557fae elementor-widget elementor-widget-spaciaz-post-grid\" data-id=\"2557fae\" data-element_type=\"widget\" data-e-type=\"widget\" data-widget_type=\"spaciaz-post-grid.default\">\n\t\t\t\t<div class=\"elementor-widget-container\">\n\t\t\t\t\t        <div class=\"elementor-post-wrapper elementor-post-style-1\">\n            <div class=\"d-grid\">\n                                                        <div class=\"grid-item\">\n                            <div class=\"post-inner blog-grid\">\n    <div class=\"post-thumbnail\"><img fetchpriority=\"high\" decoding=\"async\" width=\"746\" height=\"380\" src=\"https:\/\/orbisrealestate.ma\/wp-content\/uploads\/2025\/03\/Des-appartements-des-14.500-DH-m2-a-Harhoura-Hills.jpg\" class=\"attachment-large size-large wp-post-image\" alt=\"\" srcset=\"https:\/\/orbisrealestate.ma\/wp-content\/uploads\/2025\/03\/Des-appartements-des-14.500-DH-m2-a-Harhoura-Hills.jpg 746w, https:\/\/orbisrealestate.ma\/wp-content\/uploads\/2025\/03\/Des-appartements-des-14.500-DH-m2-a-Harhoura-Hills-300x153.jpg 300w\" sizes=\"(max-width: 746px) 100vw, 746px\" \/><\/div>    <div class=\"post-content\">\n        <div class=\"entry-meta\">\n            <div class=\"entry-meta-inner\">\n                 <div class=\"categories-link\"><span class=\"screen-reader-text\">\u0641\u0626\u0627\u062a<\/span><a href=\"https:\/\/orbisrealestate.ma\/ar\/category\/revue-de-presse\/\" rel=\"category tag\">\u0635\u062d\u0627\u0641\u0629<\/a><\/div> <div class=\"posted-on\"><a href=\"https:\/\/orbisrealestate.ma\/ar\/2022\/12\/26\/des-appartements-des-14-500-dh-m2-a-harhoura-hills\/\" rel=\"bookmark\"><time class=\"entry-date published\" datetime=\"2022-12-26T08:29:00+00:00\">\u062f\u062c\u0646\u0628\u0631 26, 2022<\/time><time class=\"updated\" datetime=\"2025-11-13T09:32:45+00:00\">\u0646\u0648\u0646\u0628\u0631 13, 2025<\/time><\/a><\/div>             <\/div>\n        <\/div>\n        <h3 class=\"omega entry-title\"><a href=\"https:\/\/orbisrealestate.ma\/ar\/2022\/12\/26\/des-appartements-des-14-500-dh-m2-a-harhoura-hills\/\" rel=\"bookmark\">\u0634\u0642\u0642 \u0627\u0628\u062a\u062f\u0627\u0621\u064b \u0645\u0646 14,500 \u062f\u0631\u0647\u0645\/\u0645\u00b2 \u0641\u064a \u00ab\u0647\u0631\u0647\u0648\u0631\u0629 \u0647\u064a\u0644\u0632\u00bb<\/a><\/h3>    <\/div>\n<\/div>                        <\/div>\n                                                <div class=\"grid-item\">\n                            <div class=\"post-inner blog-grid\">\n    <div class=\"post-thumbnail\"><img decoding=\"async\" width=\"900\" height=\"506\" src=\"https:\/\/orbisrealestate.ma\/wp-content\/uploads\/2025\/03\/Salon-1024x576.jpg\" class=\"attachment-large size-large wp-post-image\" alt=\"\" srcset=\"https:\/\/orbisrealestate.ma\/wp-content\/uploads\/2025\/03\/Salon-1024x576.jpg 1024w, https:\/\/orbisrealestate.ma\/wp-content\/uploads\/2025\/03\/Salon-300x169.jpg 300w, https:\/\/orbisrealestate.ma\/wp-content\/uploads\/2025\/03\/Salon-768x432.jpg 768w, https:\/\/orbisrealestate.ma\/wp-content\/uploads\/2025\/03\/Salon.jpg 1134w\" sizes=\"(max-width: 900px) 100vw, 900px\" \/><\/div>    <div class=\"post-content\">\n        <div class=\"entry-meta\">\n            <div class=\"entry-meta-inner\">\n                 <div class=\"categories-link\"><span class=\"screen-reader-text\">\u0641\u0626\u0627\u062a<\/span><a href=\"https:\/\/orbisrealestate.ma\/ar\/category\/revue-de-presse\/\" rel=\"category tag\">\u0635\u062d\u0627\u0641\u0629<\/a><\/div> <div class=\"posted-on\"><a href=\"https:\/\/orbisrealestate.ma\/ar\/2022\/12\/23\/orbis-real-estate-lance-la-commercialisation-de-son-nouveau-projet-haut-standing-baptise-harhoura-hills\/\" rel=\"bookmark\"><time class=\"entry-date published\" datetime=\"2022-12-23T08:29:00+00:00\">\u062f\u062c\u0646\u0628\u0631 23, 2022<\/time><time class=\"updated\" datetime=\"2025-08-26T12:53:46+00:00\">\u063a\u0634\u062a 26, 2025<\/time><\/a><\/div>             <\/div>\n        <\/div>\n        <h3 class=\"omega entry-title\"><a href=\"https:\/\/orbisrealestate.ma\/ar\/2022\/12\/23\/orbis-real-estate-lance-la-commercialisation-de-son-nouveau-projet-haut-standing-baptise-harhoura-hills\/\" rel=\"bookmark\">\u0634\u0631\u0643\u0629 \u0623\u0648\u0631\u0628\u064a\u0633 \u0627\u0644\u0639\u0642\u0627\u0631\u064a\u0629 \u062a\u0637\u0644\u0642 \u062a\u0633\u0648\u064a\u0642 \u0645\u0634\u0631\u0648\u0639\u0647\u0627 \u0627\u0644\u0641\u0627\u062e\u0631 \u0627\u0644\u062c\u062f\u064a\u062f \" \u0647\u0631\u0647\u0648\u0631\u0629 \u0647\u064a\u0644\u0632 \"<\/a><\/h3>    <\/div>\n<\/div>                        <\/div>\n                                                <div class=\"grid-item\">\n                            <div class=\"post-inner blog-grid\">\n    <div class=\"post-thumbnail\"><img decoding=\"async\" width=\"900\" height=\"543\" src=\"https:\/\/orbisrealestate.ma\/wp-content\/uploads\/2025\/03\/8-1024x618.jpg\" class=\"attachment-large size-large wp-post-image\" alt=\"\" srcset=\"https:\/\/orbisrealestate.ma\/wp-content\/uploads\/2025\/03\/8-1024x618.jpg 1024w, https:\/\/orbisrealestate.ma\/wp-content\/uploads\/2025\/03\/8-300x181.jpg 300w, https:\/\/orbisrealestate.ma\/wp-content\/uploads\/2025\/03\/8-768x463.jpg 768w, https:\/\/orbisrealestate.ma\/wp-content\/uploads\/2025\/03\/8.jpg 1134w\" sizes=\"(max-width: 900px) 100vw, 900px\" \/><\/div>    <div class=\"post-content\">\n        <div class=\"entry-meta\">\n            <div class=\"entry-meta-inner\">\n                 <div class=\"categories-link\"><span class=\"screen-reader-text\">\u0641\u0626\u0627\u062a<\/span><a href=\"https:\/\/orbisrealestate.ma\/ar\/category\/revue-de-presse\/\" rel=\"category tag\">\u0635\u062d\u0627\u0641\u0629<\/a><\/div> <div class=\"posted-on\"><a href=\"https:\/\/orbisrealestate.ma\/ar\/2022\/12\/23\/orbis-real-estate-lance-la-commercialisation-de-son-nouveau-projet-haut-standing-baptise-harhoura-hills-2\/\" rel=\"bookmark\"><time class=\"entry-date published\" datetime=\"2022-12-23T08:29:00+00:00\">\u062f\u062c\u0646\u0628\u0631 23, 2022<\/time><time class=\"updated\" datetime=\"2025-08-26T13:03:34+00:00\">\u063a\u0634\u062a 26, 2025<\/time><\/a><\/div>             <\/div>\n        <\/div>\n        <h3 class=\"omega entry-title\"><a href=\"https:\/\/orbisrealestate.ma\/ar\/2022\/12\/23\/orbis-real-estate-lance-la-commercialisation-de-son-nouveau-projet-haut-standing-baptise-harhoura-hills-2\/\" rel=\"bookmark\">\u0634\u0631\u0643\u0629 \u0623\u0648\u0631\u0628\u064a\u0633 \u0627\u0644\u0639\u0642\u0627\u0631\u064a\u0629 \u062a\u0637\u0644\u0642 \u062a\u0633\u0648\u064a\u0642 \u0645\u0634\u0631\u0648\u0639\u0647\u0627 \u0627\u0644\u0641\u0627\u062e\u0631 \u0627\u0644\u062c\u062f\u064a\u062f \" \u0647\u0631\u0647\u0648\u0631\u0629 \u0647\u064a\u0644\u0632 \"<\/a><\/h3>    <\/div>\n<\/div>                        <\/div>\n                                                <div class=\"grid-item\">\n                            <div class=\"post-inner blog-grid\">\n    <div class=\"post-thumbnail\"><img decoding=\"async\" width=\"900\" height=\"543\" src=\"https:\/\/orbisrealestate.ma\/wp-content\/uploads\/2025\/03\/8-1024x618.jpg\" class=\"attachment-large size-large wp-post-image\" alt=\"\" srcset=\"https:\/\/orbisrealestate.ma\/wp-content\/uploads\/2025\/03\/8-1024x618.jpg 1024w, https:\/\/orbisrealestate.ma\/wp-content\/uploads\/2025\/03\/8-300x181.jpg 300w, https:\/\/orbisrealestate.ma\/wp-content\/uploads\/2025\/03\/8-768x463.jpg 768w, https:\/\/orbisrealestate.ma\/wp-content\/uploads\/2025\/03\/8.jpg 1134w\" sizes=\"(max-width: 900px) 100vw, 900px\" \/><\/div>    <div class=\"post-content\">\n        <div class=\"entry-meta\">\n            <div class=\"entry-meta-inner\">\n                 <div class=\"categories-link\"><span class=\"screen-reader-text\">\u0641\u0626\u0627\u062a<\/span><a href=\"https:\/\/orbisrealestate.ma\/ar\/category\/revue-de-presse\/\" rel=\"category tag\">\u0635\u062d\u0627\u0641\u0629<\/a><\/div> <div class=\"posted-on\"><a href=\"https:\/\/orbisrealestate.ma\/ar\/2022\/12\/23\/rabat-harhoura-hills-le-nouveau-projet-haut-standing-dorbis-real-estate\/\" rel=\"bookmark\"><time class=\"entry-date published\" datetime=\"2022-12-23T08:29:00+00:00\">\u062f\u062c\u0646\u0628\u0631 23, 2022<\/time><time class=\"updated\" datetime=\"2025-08-26T12:54:41+00:00\">\u063a\u0634\u062a 26, 2025<\/time><\/a><\/div>             <\/div>\n        <\/div>\n        <h3 class=\"omega entry-title\"><a href=\"https:\/\/orbisrealestate.ma\/ar\/2022\/12\/23\/rabat-harhoura-hills-le-nouveau-projet-haut-standing-dorbis-real-estate\/\" rel=\"bookmark\">\u0627\u0644\u0631\u0628\u0627\u0637... \"\u0647\u0631\u0647\u0648\u0631\u0629 \u0647\u064a\u0644\u0632\"\u060c \u0627\u0644\u0645\u0634\u0631\u0648\u0639 \u0627\u0644\u0641\u0627\u062e\u0631 \u0627\u0644\u062c\u062f\u064a\u062f \u0644\u0634\u0631\u0643\u0629 \u0623\u0648\u0631\u0628\u064a\u0633 \u0627\u0644\u0639\u0642\u0627\u0631\u064a\u0629<\/a><\/h3>    <\/div>\n<\/div>                        <\/div>\n                                                <div class=\"grid-item\">\n                            <div class=\"post-inner blog-grid\">\n    <div class=\"post-thumbnail\"><img loading=\"lazy\" decoding=\"async\" width=\"508\" height=\"300\" src=\"https:\/\/orbisrealestate.ma\/wp-content\/uploads\/2025\/03\/ORBIS_REVUE-DE-PRESSE_MAP_508x300.jpg\" class=\"attachment-large size-large wp-post-image\" alt=\"\" srcset=\"https:\/\/orbisrealestate.ma\/wp-content\/uploads\/2025\/03\/ORBIS_REVUE-DE-PRESSE_MAP_508x300.jpg 508w, https:\/\/orbisrealestate.ma\/wp-content\/uploads\/2025\/03\/ORBIS_REVUE-DE-PRESSE_MAP_508x300-300x177.jpg 300w\" sizes=\"(max-width: 508px) 100vw, 508px\" \/><\/div>    <div class=\"post-content\">\n        <div class=\"entry-meta\">\n            <div class=\"entry-meta-inner\">\n                 <div class=\"categories-link\"><span class=\"screen-reader-text\">\u0641\u0626\u0627\u062a<\/span><a href=\"https:\/\/orbisrealestate.ma\/ar\/category\/revue-de-presse\/\" rel=\"category tag\">\u0635\u062d\u0627\u0641\u0629<\/a><\/div> <div class=\"posted-on\"><a href=\"https:\/\/orbisrealestate.ma\/ar\/2022\/12\/23\/harhoura-hills-le-nouveau-projet-haut-standing-dorbis-real-estate\/\" rel=\"bookmark\"><time class=\"entry-date published\" datetime=\"2022-12-23T08:29:00+00:00\">\u062f\u062c\u0646\u0628\u0631 23, 2022<\/time><time class=\"updated\" datetime=\"2025-08-26T12:56:31+00:00\">\u063a\u0634\u062a 26, 2025<\/time><\/a><\/div>             <\/div>\n        <\/div>\n        <h3 class=\"omega entry-title\"><a href=\"https:\/\/orbisrealestate.ma\/ar\/2022\/12\/23\/harhoura-hills-le-nouveau-projet-haut-standing-dorbis-real-estate\/\" rel=\"bookmark\">\"\u0647\u0631\u0647\u0648\u0631\u0629 \u0647\u064a\u0644\u0632\"\u060c \u0627\u0644\u0645\u0634\u0631\u0648\u0639 \u0627\u0644\u0641\u0627\u062e\u0631 \u0627\u0644\u062c\u062f\u064a\u062f \u0645\u0646 \u0634\u0631\u0643\u0629 \u0623\u0648\u0631\u0628\u064a\u0633 \u0627\u0644\u0639\u0642\u0627\u0631\u064a\u0629<\/a><\/h3>    <\/div>\n<\/div>                        <\/div>\n                                                <div class=\"grid-item\">\n                            <div class=\"post-inner blog-grid\">\n    <div class=\"post-thumbnail\"><img decoding=\"async\" width=\"900\" height=\"543\" src=\"https:\/\/orbisrealestate.ma\/wp-content\/uploads\/2025\/03\/8-1024x618.jpg\" class=\"attachment-large size-large wp-post-image\" alt=\"\" srcset=\"https:\/\/orbisrealestate.ma\/wp-content\/uploads\/2025\/03\/8-1024x618.jpg 1024w, https:\/\/orbisrealestate.ma\/wp-content\/uploads\/2025\/03\/8-300x181.jpg 300w, https:\/\/orbisrealestate.ma\/wp-content\/uploads\/2025\/03\/8-768x463.jpg 768w, https:\/\/orbisrealestate.ma\/wp-content\/uploads\/2025\/03\/8.jpg 1134w\" sizes=\"(max-width: 900px) 100vw, 900px\" \/><\/div>    <div class=\"post-content\">\n        <div class=\"entry-meta\">\n            <div class=\"entry-meta-inner\">\n                 <div class=\"categories-link\"><span class=\"screen-reader-text\">\u0641\u0626\u0627\u062a<\/span><a href=\"https:\/\/orbisrealestate.ma\/ar\/category\/revue-de-presse\/\" rel=\"category tag\">\u0635\u062d\u0627\u0641\u0629<\/a><\/div> <div class=\"posted-on\"><a href=\"https:\/\/orbisrealestate.ma\/ar\/2022\/12\/23\/orbis-real-estate-lance-la-commercialisation-de-son-nouveau-projet-haut-standing-baptise-harhoura-hills-3\/\" rel=\"bookmark\"><time class=\"entry-date published\" datetime=\"2022-12-23T08:29:00+00:00\">\u062f\u062c\u0646\u0628\u0631 23, 2022<\/time><time class=\"updated\" datetime=\"2025-08-26T12:57:40+00:00\">\u063a\u0634\u062a 26, 2025<\/time><\/a><\/div>             <\/div>\n        <\/div>\n        <h3 class=\"omega entry-title\"><a href=\"https:\/\/orbisrealestate.ma\/ar\/2022\/12\/23\/orbis-real-estate-lance-la-commercialisation-de-son-nouveau-projet-haut-standing-baptise-harhoura-hills-3\/\" rel=\"bookmark\">\u0634\u0631\u0643\u0629 \u0623\u0648\u0631\u0628\u064a\u0633 \u0627\u0644\u0639\u0642\u0627\u0631\u064a\u0629 \u062a\u0637\u0644\u0642 \u062a\u0633\u0648\u064a\u0642 \u0645\u0634\u0631\u0648\u0639\u0647\u0627 \u0627\u0644\u0641\u0627\u062e\u0631 \u0627\u0644\u062c\u062f\u064a\u062f \" \u0647\u0631\u0647\u0648\u0631\u0629 \u0647\u064a\u0644\u0632 \"<\/a><\/h3>    <\/div>\n<\/div>                        <\/div>\n                                                <div class=\"grid-item\">\n                            <div class=\"post-inner blog-grid\">\n    <div class=\"post-thumbnail\"><img loading=\"lazy\" decoding=\"async\" width=\"780\" height=\"468\" src=\"https:\/\/orbisrealestate.ma\/wp-content\/uploads\/2025\/03\/orbis-real-estate-harhoura-hills-le-matin.jpg\" class=\"attachment-large size-large wp-post-image\" alt=\"\" srcset=\"https:\/\/orbisrealestate.ma\/wp-content\/uploads\/2025\/03\/orbis-real-estate-harhoura-hills-le-matin.jpg 780w, https:\/\/orbisrealestate.ma\/wp-content\/uploads\/2025\/03\/orbis-real-estate-harhoura-hills-le-matin-300x180.jpg 300w, https:\/\/orbisrealestate.ma\/wp-content\/uploads\/2025\/03\/orbis-real-estate-harhoura-hills-le-matin-768x461.jpg 768w, https:\/\/orbisrealestate.ma\/wp-content\/uploads\/2025\/03\/orbis-real-estate-harhoura-hills-le-matin-18x12.jpg 18w\" sizes=\"(max-width: 780px) 100vw, 780px\" \/><\/div>    <div class=\"post-content\">\n        <div class=\"entry-meta\">\n            <div class=\"entry-meta-inner\">\n                 <div class=\"categories-link\"><span class=\"screen-reader-text\">\u0641\u0626\u0627\u062a<\/span><a href=\"https:\/\/orbisrealestate.ma\/ar\/category\/revue-de-presse\/\" rel=\"category tag\">\u0635\u062d\u0627\u0641\u0629<\/a><\/div> <div class=\"posted-on\"><a href=\"https:\/\/orbisrealestate.ma\/ar\/2019\/07\/19\/orbis-real-estate-devoile-les-villas-rimal-a-harhoura\/\" rel=\"bookmark\"><time class=\"entry-date published\" datetime=\"2019-07-19T08:29:00+00:00\">\u064a\u0648\u0644\u064a\u0648\u0632 19, 2019<\/time><time class=\"updated\" datetime=\"2025-08-26T13:02:30+00:00\">\u063a\u0634\u062a 26, 2025<\/time><\/a><\/div>             <\/div>\n        <\/div>\n        <h3 class=\"omega entry-title\"><a href=\"https:\/\/orbisrealestate.ma\/ar\/2019\/07\/19\/orbis-real-estate-devoile-les-villas-rimal-a-harhoura\/\" rel=\"bookmark\">\u0623\u0648\u0631\u0628\u064a\u0633 \u0627\u0644\u0639\u0642\u0627\u0631\u064a\u0629 \u062a\u0643\u0634\u0641 \u0639\u0646 \"\u0641\u064a\u0644\u0627\u062a \u0631\u0645\u0627\u0644\" \u0641\u064a \u0647\u0631\u0647\u0648\u0631\u0629<\/a><\/h3>    <\/div>\n<\/div>                        <\/div>\n                                                <div class=\"grid-item\">\n                            <div class=\"post-inner blog-grid\">\n    <div class=\"post-thumbnail\"><img loading=\"lazy\" decoding=\"async\" width=\"900\" height=\"541\" src=\"https:\/\/orbisrealestate.ma\/wp-content\/uploads\/2025\/03\/Orbis_Real_Estate.jpg\" class=\"attachment-large size-large wp-post-image\" alt=\"\" srcset=\"https:\/\/orbisrealestate.ma\/wp-content\/uploads\/2025\/03\/Orbis_Real_Estate.jpg 998w, https:\/\/orbisrealestate.ma\/wp-content\/uploads\/2025\/03\/Orbis_Real_Estate-300x180.jpg 300w, https:\/\/orbisrealestate.ma\/wp-content\/uploads\/2025\/03\/Orbis_Real_Estate-768x462.jpg 768w, https:\/\/orbisrealestate.ma\/wp-content\/uploads\/2025\/03\/Orbis_Real_Estate-18x12.jpg 18w\" sizes=\"(max-width: 900px) 100vw, 900px\" \/><\/div>    <div class=\"post-content\">\n        <div class=\"entry-meta\">\n            <div class=\"entry-meta-inner\">\n                 <div class=\"categories-link\"><span class=\"screen-reader-text\">\u0641\u0626\u0627\u062a<\/span><a href=\"https:\/\/orbisrealestate.ma\/ar\/category\/revue-de-presse\/\" rel=\"category tag\">\u0635\u062d\u0627\u0641\u0629<\/a><\/div> <div class=\"posted-on\"><a href=\"https:\/\/orbisrealestate.ma\/ar\/2019\/07\/18\/orbis-real-estate-lance-le-chantier-les-villas-rimal\/\" rel=\"bookmark\"><time class=\"entry-date published\" datetime=\"2019-07-18T08:29:00+00:00\">\u064a\u0648\u0644\u064a\u0648\u0632 18, 2019<\/time><time class=\"updated\" datetime=\"2025-08-26T12:52:03+00:00\">\u063a\u0634\u062a 26, 2025<\/time><\/a><\/div>             <\/div>\n        <\/div>\n        <h3 class=\"omega entry-title\"><a href=\"https:\/\/orbisrealestate.ma\/ar\/2019\/07\/18\/orbis-real-estate-lance-le-chantier-les-villas-rimal\/\" rel=\"bookmark\">\u0623\u0648\u0631\u0628\u064a\u0633 \u0627\u0644\u0639\u0642\u0627\u0631\u064a\u0629 \u062a\u0637\u0644\u0642 \u0645\u0634\u0631\u0648\u0639 \u0628\u0646\u0627\u0621 \"\u0641\u064a\u0644\u0627\u062a \u0631\u0645\u0627\u0644\"<\/a><\/h3>    <\/div>\n<\/div>                        <\/div>\n                                                    <\/div>\n                                        <\/div>\n        \t\t\t\t<\/div>\n\t\t\t\t<\/div>\n\t\t\t\t\t<\/div>\n\t\t\t\t<\/div>\n\t\t\t\t<\/div>","protected":false},"excerpt":{"rendered":"<p>Revue de presse Accueil Nos projets immobiliers suscitent l\u2019int\u00e9r\u00eat de la presse nationale. \u00c0 travers diff\u00e9rents articles et reportages, la presse met en lumi\u00e8re la qualit\u00e9, la transparence et l\u2019engagement qui caract\u00e9risent nos r\u00e9alisations. Ces publications t\u00e9moignent de la reconnaissance de notre savoir-faire et de notre contribution au d\u00e9veloppement du paysage urbain marocain. CategoriesRevue de [&hellip;]<\/p>","protected":false},"author":1,"featured_media":0,"parent":0,"menu_order":0,"comment_status":"closed","ping_status":"closed","template":"template-homepage.php","meta":{"footnotes":""},"class_list":["post-8805","page","type-page","status-publish","hentry"],"_links":{"self":[{"href":"https:\/\/orbisrealestate.ma\/ar\/wp-json\/wp\/v2\/pages\/8805","targetHints":{"allow":["GET"]}}],"collection":[{"href":"https:\/\/orbisrealestate.ma\/ar\/wp-json\/wp\/v2\/pages"}],"about":[{"href":"https:\/\/orbisrealestate.ma\/ar\/wp-json\/wp\/v2\/types\/page"}],"author":[{"embeddable":true,"href":"https:\/\/orbisrealestate.ma\/ar\/wp-json\/wp\/v2\/users\/1"}],"replies":[{"embeddable":true,"href":"https:\/\/orbisrealestate.ma\/ar\/wp-json\/wp\/v2\/comments?post=8805"}],"version-history":[{"count":16,"href":"https:\/\/orbisrealestate.ma\/ar\/wp-json\/wp\/v2\/pages\/8805\/revisions"}],"predecessor-version":[{"id":9783,"href":"https:\/\/orbisrealestate.ma\/ar\/wp-json\/wp\/v2\/pages\/8805\/revisions\/9783"}],"wp:attachment":[{"href":"https:\/\/orbisrealestate.ma\/ar\/wp-json\/wp\/v2\/media?parent=8805"}],"curies":[{"name":"wp","href":"https:\/\/api.w.org\/{rel}","templated":true}]}}